{"id":132,"date":"2022-02-03T21:09:44","date_gmt":"2022-02-03T21:09:44","guid":{"rendered":"http:\/\/elektro-kreutz.de\/?page_id=132"},"modified":"2022-02-11T21:49:43","modified_gmt":"2022-02-11T21:49:43","slug":"homepage","status":"publish","type":"page","link":"https:\/\/elektro-kreutz.de\/","title":{"rendered":"Elektroinstallation im Rheinland"},"content":{"rendered":"\n<figure class=\"wp-block-image size-full\"><img loading=\"lazy\" width=\"1919\" height=\"911\" src=\"https:\/\/elektro-kreutz.de\/wp-content\/uploads\/2022\/02\/Element-1-1.png\" alt=\"\" class=\"wp-image-220\" srcset=\"https:\/\/elektro-kreutz.de\/wp-content\/uploads\/2022\/02\/Element-1-1.png 1919w, https:\/\/elektro-kreutz.de\/wp-content\/uploads\/2022\/02\/Element-1-1-300x142.png 300w, https:\/\/elektro-kreutz.de\/wp-content\/uploads\/2022\/02\/Element-1-1-1024x486.png 1024w, https:\/\/elektro-kreutz.de\/wp-content\/uploads\/2022\/02\/Element-1-1-768x365.png 768w, https:\/\/elektro-kreutz.de\/wp-content\/uploads\/2022\/02\/Element-1-1-1536x729.png 1536w\" sizes=\"(max-width: 1919px) 100vw, 1919px\" \/><\/figure>\n\n\n\n<p class=\"has-medium-font-size\">Seit \u00fcber 30 Jahren realisiert Elektro Wilhelm Kreutz umfangreiche Gro\u00dfbauprojekte im Rheinland und fokussiert sich dabei auf die Beratung, Planung und Umsetzung von Elektroinstallationen jeder Art. Sei es der Bau weitreichender Wohnsiedlungen oder Industrie- und Gewerbegebiete, wir arbeiten eng mit anderen Fachb\u00fcros zusammen, um Ihre Ideen zu erm\u00f6glichen.<\/p>\n\n\n\n<hr class=\"wp-block-separator has-text-color has-background is-style-wide\" style=\"background-color:#0071ad;color:#0071ad\"\/>\n\n\n\n<h2 id=\"unsere-leistungen\">Unsere Leistungen<\/h2>\n\n\n\n<div class=\"wp-block-columns\">\n<div class=\"wp-block-column\">\n<div class=\"wp-block-image\"><figure class=\"aligncenter is-resized\"><img loading=\"lazy\" src=\"https:\/\/elektro-kreutz.de\/wp-content\/uploads\/2020\/12\/Icon_Beratung.png\" alt=\"\" class=\"wp-image-135\" width=\"138\" height=\"138\" srcset=\"https:\/\/elektro-kreutz.de\/wp-content\/uploads\/2020\/12\/Icon_Beratung.png 275w, https:\/\/elektro-kreutz.de\/wp-content\/uploads\/2020\/12\/Icon_Beratung-150x150.png 150w\" sizes=\"(max-width: 138px) 100vw, 138px\" \/><\/figure><\/div>\n\n\n\n<p class=\"has-text-align-center\">Beratung<\/p>\n<\/div>\n\n\n\n<div class=\"wp-block-column\">\n<div class=\"wp-block-image\"><figure class=\"aligncenter size-large is-resized\"><img loading=\"lazy\" src=\"https:\/\/elektro-kreutz.de\/wp-content\/uploads\/2020\/12\/Icon_Planung.png\" alt=\"\" class=\"wp-image-136\" width=\"138\" height=\"138\" srcset=\"https:\/\/elektro-kreutz.de\/wp-content\/uploads\/2020\/12\/Icon_Planung.png 276w, https:\/\/elektro-kreutz.de\/wp-content\/uploads\/2020\/12\/Icon_Planung-150x150.png 150w\" sizes=\"(max-width: 138px) 100vw, 138px\" \/><\/figure><\/div>\n\n\n\n<p class=\"has-text-align-center\">Planung<\/p>\n<\/div>\n\n\n\n<div class=\"wp-block-column\">\n<div class=\"wp-block-image\"><figure class=\"aligncenter size-large is-resized\"><img loading=\"lazy\" src=\"https:\/\/elektro-kreutz.de\/wp-content\/uploads\/2020\/12\/Icon_Ausfuehrung.png\" alt=\"\" class=\"wp-image-137\" width=\"138\" height=\"138\" srcset=\"https:\/\/elektro-kreutz.de\/wp-content\/uploads\/2020\/12\/Icon_Ausfuehrung.png 276w, https:\/\/elektro-kreutz.de\/wp-content\/uploads\/2020\/12\/Icon_Ausfuehrung-150x150.png 150w\" sizes=\"(max-width: 138px) 100vw, 138px\" \/><\/figure><\/div>\n\n\n\n<p class=\"has-text-align-center\">Umsetzung<\/p>\n<\/div>\n<\/div>\n\n\n\n<hr class=\"wp-block-separator has-text-color has-background is-style-wide\" style=\"background-color:#0071ad;color:#0071ad\"\/>\n\n\n\n<h2 id=\"kontakt\">Kontakt<\/h2>\n\n\n\n<p class=\"has-medium-font-size\">Erz\u00e4hlen Sie uns von Ihrer Idee.<\/p>\n\n\n\n<div class=\"wp-container-1 wp-block-buttons\">\n<div class=\"wp-block-button has-custom-width wp-block-button__width-25 is-style-primary\"><a class=\"wp-block-button__link has-neve-text-color-color has-text-color has-background\" href=\"https:\/\/elektro-kreutz.de\/index.php\/kontakt\/\" style=\"background-color:#efd725\">Kontakt<\/a><\/div>\n<\/div>\n\n\n\n<p><\/p>\n","protected":false},"excerpt":{"rendered":"<p>Seit \u00fcber 30 Jahren realisiert Elektro Wilhelm Kreutz umfangreiche Gro\u00dfbauprojekte im Rheinland und fokussiert sich dabei auf die Beratung, Planung und Umsetzung von Elektroinstallationen jeder Art. Sei es der Bau weitreichender Wohnsiedlungen oder Industrie- und Gewerbegebiete, wir arbeiten eng mit anderen Fachb\u00fcros zusammen, um Ihre Ideen zu erm\u00f6glichen. Unsere Leistungen Beratung Planung Umsetzung Kontakt Erz\u00e4hlen&hellip;&nbsp;<a href=\"https:\/\/elektro-kreutz.de\/\" class=\"\" rel=\"bookmark\">Weiterlesen &raquo;<span class=\"screen-reader-text\">Elektroinstallation im Rheinland<\/span><\/a><\/p>\n","protected":false},"author":1,"featured_media":104,"parent":0,"menu_order":0,"comment_status":"closed","ping_status":"closed","template":"","meta":{"neve_meta_sidebar":"default","neve_meta_container":"","neve_meta_enable_content_width":"","neve_meta_content_width":0,"neve_meta_title_alignment":"left","neve_meta_author_avatar":"","neve_post_elements_order":"","neve_meta_disable_header":"","neve_meta_disable_footer":"off","neve_meta_disable_title":""},"_links":{"self":[{"href":"https:\/\/elektro-kreutz.de\/index.php\/wp-json\/wp\/v2\/pages\/132"}],"collection":[{"href":"https:\/\/elektro-kreutz.de\/index.php\/wp-json\/wp\/v2\/pages"}],"about":[{"href":"https:\/\/elektro-kreutz.de\/index.php\/wp-json\/wp\/v2\/types\/page"}],"author":[{"embeddable":true,"href":"https:\/\/elektro-kreutz.de\/index.php\/wp-json\/wp\/v2\/users\/1"}],"replies":[{"embeddable":true,"href":"https:\/\/elektro-kreutz.de\/index.php\/wp-json\/wp\/v2\/comments?post=132"}],"version-history":[{"count":30,"href":"https:\/\/elektro-kreutz.de\/index.php\/wp-json\/wp\/v2\/pages\/132\/revisions"}],"predecessor-version":[{"id":241,"href":"https:\/\/elektro-kreutz.de\/index.php\/wp-json\/wp\/v2\/pages\/132\/revisions\/241"}],"wp:featuredmedia":[{"embeddable":true,"href":"https:\/\/elektro-kreutz.de\/index.php\/wp-json\/wp\/v2\/media\/104"}],"wp:attachment":[{"href":"https:\/\/elektro-kreutz.de\/index.php\/wp-json\/wp\/v2\/media?parent=132"}],"curies":[{"name":"wp","href":"https:\/\/api.w.org\/{rel}","templated":true}]}}